{"id":3088,"date":"2022-10-31T18:50:23","date_gmt":"2022-10-31T15:50:23","guid":{"rendered":"https:\/\/decohill.com\/?post_type=product&#038;p=3088"},"modified":"2025-05-28T14:30:05","modified_gmt":"2025-05-28T11:30:05","slug":"mona-yatak-odasi-takimi","status":"publish","type":"product","link":"https:\/\/decohill.com\/en\/mona-yatak-odasi-takimi\/","title":{"rendered":"Mona Bedroom Set"},"content":{"rendered":"","protected":false},"excerpt":{"rendered":"","protected":false},"featured_media":3193,"template":"","meta":[],"product_cat":[34],"product_tag":[48],"class_list":["post-3088","product","type-product","status-publish","has-post-thumbnail","hentry","product_cat-yatak-odasi-takimlari","product_tag-mona"],"yoast_head":"<!-- This site is optimized with the Yoast SEO plugin v20.10 - https:\/\/yoast.com\/wordpress\/plugins\/seo\/ -->\n<title>Mona Yatak Odas\u0131 Tak\u0131m\u0131 - Decohill<\/title>\n<meta name=\"robots\" content=\"index, follow, max-snippet:-1, max-image-preview:large, max-video-preview:-1\" \/>\n<link rel=\"canonical\" href=\"https:\/\/decohill.com\/en\/mona-yatak-odasi-takimi\/\" \/>\n<meta property=\"og:locale\" content=\"en_GB\" \/>\n<meta property=\"og:type\" content=\"article\" \/>\n<meta property=\"og:title\" content=\"Mona Yatak Odas\u0131 Tak\u0131m\u0131 - Decohill\" \/>\n<meta property=\"og:url\" content=\"https:\/\/decohill.com\/en\/mona-yatak-odasi-takimi\/\" \/>\n<meta property=\"og:site_name\" content=\"Decohill\" \/>\n<meta property=\"article:modified_time\" content=\"2025-05-28T11:30:05+00:00\" \/>\n<meta property=\"og:image\" content=\"https:\/\/decohill.com\/wp-content\/uploads\/2022\/10\/urun-mona-yatak-odasi-takimi-1.jpg\" \/>\n\t<meta property=\"og:image:width\" content=\"1600\" \/>\n\t<meta property=\"og:image:height\" content=\"914\" \/>\n\t<meta property=\"og:image:type\" content=\"image\/jpeg\" \/>\n<meta name=\"twitter:card\" content=\"summary_large_image\" \/>\n<script type=\"application\/ld+json\" class=\"yoast-schema-graph\">{\"@context\":\"https:\/\/schema.org\",\"@graph\":[{\"@type\":\"WebPage\",\"@id\":\"https:\/\/decohill.com\/mona-yatak-odasi-takimi\/\",\"url\":\"https:\/\/decohill.com\/mona-yatak-odasi-takimi\/\",\"name\":\"Mona Yatak Odas\u0131 Tak\u0131m\u0131 - Decohill\",\"isPartOf\":{\"@id\":\"https:\/\/decohill.com\/#website\"},\"datePublished\":\"2022-10-31T15:50:23+00:00\",\"dateModified\":\"2025-05-28T11:30:05+00:00\",\"breadcrumb\":{\"@id\":\"https:\/\/decohill.com\/mona-yatak-odasi-takimi\/#breadcrumb\"},\"inLanguage\":\"en-GB\",\"potentialAction\":[{\"@type\":\"ReadAction\",\"target\":[\"https:\/\/decohill.com\/mona-yatak-odasi-takimi\/\"]}]},{\"@type\":\"BreadcrumbList\",\"@id\":\"https:\/\/decohill.com\/mona-yatak-odasi-takimi\/#breadcrumb\",\"itemListElement\":[{\"@type\":\"ListItem\",\"position\":1,\"name\":\"Ana sayfa\",\"item\":\"https:\/\/decohill.com\/\"},{\"@type\":\"ListItem\",\"position\":2,\"name\":\"\u00dcr\u00fcnler\",\"item\":\"https:\/\/decohill.com\/shop\/\"},{\"@type\":\"ListItem\",\"position\":3,\"name\":\"Mona Yatak Odas\u0131 Tak\u0131m\u0131\"}]},{\"@type\":\"WebSite\",\"@id\":\"https:\/\/decohill.com\/#website\",\"url\":\"https:\/\/decohill.com\/\",\"name\":\"Decohill\",\"description\":\"#evinizbilir\",\"potentialAction\":[{\"@type\":\"SearchAction\",\"target\":{\"@type\":\"EntryPoint\",\"urlTemplate\":\"https:\/\/decohill.com\/?s={search_term_string}\"},\"query-input\":\"required name=search_term_string\"}],\"inLanguage\":\"en-GB\"}]}<\/script>\n<!-- \/ Yoast SEO plugin. -->","yoast_head_json":{"title":"Mona Yatak Odas\u0131 Tak\u0131m\u0131 - Decohill","robots":{"index":"index","follow":"follow","max-snippet":"max-snippet:-1","max-image-preview":"max-image-preview:large","max-video-preview":"max-video-preview:-1"},"canonical":"https:\/\/decohill.com\/en\/mona-yatak-odasi-takimi\/","og_locale":"en_GB","og_type":"article","og_title":"Mona Yatak Odas\u0131 Tak\u0131m\u0131 - Decohill","og_url":"https:\/\/decohill.com\/en\/mona-yatak-odasi-takimi\/","og_site_name":"Decohill","article_modified_time":"2025-05-28T11:30:05+00:00","og_image":[{"width":1600,"height":914,"url":"https:\/\/decohill.com\/wp-content\/uploads\/2022\/10\/urun-mona-yatak-odasi-takimi-1.jpg","type":"image\/jpeg"}],"twitter_card":"summary_large_image","schema":{"@context":"https:\/\/schema.org","@graph":[{"@type":"WebPage","@id":"https:\/\/decohill.com\/mona-yatak-odasi-takimi\/","url":"https:\/\/decohill.com\/mona-yatak-odasi-takimi\/","name":"Mona Yatak Odas\u0131 Tak\u0131m\u0131 - Decohill","isPartOf":{"@id":"https:\/\/decohill.com\/#website"},"datePublished":"2022-10-31T15:50:23+00:00","dateModified":"2025-05-28T11:30:05+00:00","breadcrumb":{"@id":"https:\/\/decohill.com\/mona-yatak-odasi-takimi\/#breadcrumb"},"inLanguage":"en-GB","potentialAction":[{"@type":"ReadAction","target":["https:\/\/decohill.com\/mona-yatak-odasi-takimi\/"]}]},{"@type":"BreadcrumbList","@id":"https:\/\/decohill.com\/mona-yatak-odasi-takimi\/#breadcrumb","itemListElement":[{"@type":"ListItem","position":1,"name":"Ana sayfa","item":"https:\/\/decohill.com\/"},{"@type":"ListItem","position":2,"name":"\u00dcr\u00fcnler","item":"https:\/\/decohill.com\/shop\/"},{"@type":"ListItem","position":3,"name":"Mona Yatak Odas\u0131 Tak\u0131m\u0131"}]},{"@type":"WebSite","@id":"https:\/\/decohill.com\/#website","url":"https:\/\/decohill.com\/","name":"Decohill","description":"#evinizbilir","potentialAction":[{"@type":"SearchAction","target":{"@type":"EntryPoint","urlTemplate":"https:\/\/decohill.com\/?s={search_term_string}"},"query-input":"required name=search_term_string"}],"inLanguage":"en-GB"}]}},"_links":{"self":[{"href":"https:\/\/decohill.com\/en\/wp-json\/wp\/v2\/product\/3088","targetHints":{"allow":["GET"]}}],"collection":[{"href":"https:\/\/decohill.com\/en\/wp-json\/wp\/v2\/product"}],"about":[{"href":"https:\/\/decohill.com\/en\/wp-json\/wp\/v2\/types\/product"}],"wp:featuredmedia":[{"embeddable":true,"href":"https:\/\/decohill.com\/en\/wp-json\/wp\/v2\/media\/3193"}],"wp:attachment":[{"href":"https:\/\/decohill.com\/en\/wp-json\/wp\/v2\/media?parent=3088"}],"wp:term":[{"taxonomy":"product_cat","embeddable":true,"href":"https:\/\/decohill.com\/en\/wp-json\/wp\/v2\/product_cat?post=3088"},{"taxonomy":"product_tag","embeddable":true,"href":"https:\/\/decohill.com\/en\/wp-json\/wp\/v2\/product_tag?post=3088"}],"curies":[{"name":"wp","href":"https:\/\/api.w.org\/{rel}","templated":true}]}}