{"id":737,"date":"2021-02-15T17:11:50","date_gmt":"2021-02-15T14:11:50","guid":{"rendered":"https:\/\/decohill.com\/?page_id=737"},"modified":"2021-08-25T15:12:09","modified_gmt":"2021-08-25T12:12:09","slug":"belgelerimiz","status":"publish","type":"page","link":"https:\/\/decohill.com\/en\/belgelerimiz\/","title":{"rendered":"Our Documents"},"content":{"rendered":"<div class=\"wpb-content-wrapper\"><div class=\"vc_row wpb_row vc_row-fluid\"><div class=\"wpb_column vc_column_container vc_col-sm-12\"><div class=\"vc_column-inner\"><div class=\"wpb_wrapper\">\n\t<div class=\"wpb_text_column wpb_content_element\" >\n\t\t<div class=\"wpb_wrapper\">\n\t\t\t<h2 style=\"text-align: center;\">OUR DOCUMENTS<\/h2>\n\n\t\t<\/div>\n\t<\/div>\n<\/div><\/div><\/div><\/div><div class=\"vc_row wpb_row vc_row-fluid\"><div class=\"wpb_column vc_column_container vc_col-sm-1\/5\"><div class=\"vc_column-inner\"><div class=\"wpb_wrapper\">\n\t<div  class=\"wpb_single_image wpb_content_element vc_align_center\">\n\t\t\n\t\t<figure class=\"wpb_wrapper vc_figure\">\n\t\t\t<div class=\"vc_single_image-wrapper   vc_box_border_grey\"><img loading=\"lazy\" decoding=\"async\" width=\"255\" height=\"267\" src=\"https:\/\/decohill.com\/wp-content\/uploads\/2021\/02\/garanti-belgesi-new.png\" class=\"vc_single_image-img attachment-full\" alt=\"\" title=\"garanti-belgesi-new\" srcset=\"https:\/\/decohill.com\/wp-content\/uploads\/2021\/02\/garanti-belgesi-new.png 255w, https:\/\/decohill.com\/wp-content\/uploads\/2021\/02\/garanti-belgesi-new-11x12.png 11w\" sizes=\"auto, (max-width: 255px) 100vw, 255px\" \/><\/div>\n\t\t<\/figure>\n\t<\/div>\n\n\t<div class=\"wpb_text_column wpb_content_element\" >\n\t\t<div class=\"wpb_wrapper\">\n\t\t\t<h3 style=\"text-align: center;\">WARRANTY CERTIFICATE<\/h3>\n<h4 style=\"text-align: center;\"><a href=\"https:\/\/decohill.com\/wp-content\/uploads\/2021\/02\/garanti_belgesi_enduser.pdf\">Download PDF&gt;<\/a><\/h4>\n\n\t\t<\/div>\n\t<\/div>\n<\/div><\/div><\/div><div class=\"wpb_column vc_column_container vc_col-sm-1\/5\"><div class=\"vc_column-inner\"><div class=\"wpb_wrapper\">\n\t<div  class=\"wpb_single_image wpb_content_element vc_align_center\">\n\t\t\n\t\t<figure class=\"wpb_wrapper vc_figure\">\n\t\t\t<div class=\"vc_single_image-wrapper   vc_box_border_grey\"><img loading=\"lazy\" decoding=\"async\" width=\"255\" height=\"267\" src=\"https:\/\/decohill.com\/wp-content\/uploads\/2021\/02\/ISO.png\" class=\"vc_single_image-img attachment-full\" alt=\"\" title=\"ISO\" srcset=\"https:\/\/decohill.com\/wp-content\/uploads\/2021\/02\/ISO.png 255w, https:\/\/decohill.com\/wp-content\/uploads\/2021\/02\/ISO-11x12.png 11w\" sizes=\"auto, (max-width: 255px) 100vw, 255px\" \/><\/div>\n\t\t<\/figure>\n\t<\/div>\n\n\t<div class=\"wpb_text_column wpb_content_element\" >\n\t\t<div class=\"wpb_wrapper\">\n\t\t\t<h3 style=\"text-align: center;\">ISO<\/h3>\n<h4 style=\"text-align: center;\"><a href=\"https:\/\/decohill.com\/wp-content\/uploads\/2021\/02\/iso9001_14001_18001.pdf\">Download PDF&gt;<\/a><\/h4>\n\n\t\t<\/div>\n\t<\/div>\n<\/div><\/div><\/div><div class=\"wpb_column vc_column_container vc_col-sm-1\/5\"><div class=\"vc_column-inner\"><div class=\"wpb_wrapper\">\n\t<div  class=\"wpb_single_image wpb_content_element vc_align_center\">\n\t\t\n\t\t<figure class=\"wpb_wrapper vc_figure\">\n\t\t\t<div class=\"vc_single_image-wrapper   vc_box_border_grey\"><img loading=\"lazy\" decoding=\"async\" width=\"230\" height=\"269\" src=\"https:\/\/decohill.com\/wp-content\/uploads\/2021\/02\/TSE.png\" class=\"vc_single_image-img attachment-full\" alt=\"\" title=\"TSE\" srcset=\"https:\/\/decohill.com\/wp-content\/uploads\/2021\/02\/TSE.png 230w, https:\/\/decohill.com\/wp-content\/uploads\/2021\/02\/TSE-10x12.png 10w\" sizes=\"auto, (max-width: 230px) 100vw, 230px\" \/><\/div>\n\t\t<\/figure>\n\t<\/div>\n\n\t<div class=\"wpb_text_column wpb_content_element\" >\n\t\t<div class=\"wpb_wrapper\">\n\t\t\t<h3 style=\"text-align: center;\">TSE<\/h3>\n<h4 style=\"text-align: center;\"><a href=\"https:\/\/decohill.com\/wp-content\/uploads\/2021\/08\/TSE_HYB_2022.pdf\">Download PDF&gt;<\/a><\/h4>\n\n\t\t<\/div>\n\t<\/div>\n<\/div><\/div><\/div><div class=\"wpb_column vc_column_container vc_col-sm-1\/5\"><div class=\"vc_column-inner\"><div class=\"wpb_wrapper\">\n\t<div  class=\"wpb_single_image wpb_content_element vc_align_center\">\n\t\t\n\t\t<figure class=\"wpb_wrapper vc_figure\">\n\t\t\t<div class=\"vc_single_image-wrapper   vc_box_border_grey\"><img loading=\"lazy\" decoding=\"async\" width=\"247\" height=\"281\" src=\"https:\/\/decohill.com\/wp-content\/uploads\/2021\/02\/tuv-yatak-odasi.png\" class=\"vc_single_image-img attachment-full\" alt=\"\" title=\"tuv-yatak-odasi\" srcset=\"https:\/\/decohill.com\/wp-content\/uploads\/2021\/02\/tuv-yatak-odasi.png 247w, https:\/\/decohill.com\/wp-content\/uploads\/2021\/02\/tuv-yatak-odasi-11x12.png 11w\" sizes=\"auto, (max-width: 247px) 100vw, 247px\" \/><\/div>\n\t\t<\/figure>\n\t<\/div>\n\n\t<div class=\"wpb_text_column wpb_content_element\" >\n\t\t<div class=\"wpb_wrapper\">\n\t\t\t<h3 style=\"text-align: center;\">TUV BEDROOMS<\/h3>\n<h4 style=\"text-align: center;\"><a href=\"https:\/\/decohill.com\/wp-content\/uploads\/2021\/02\/tu\u0308v_yatak_odasi.pdf\">Download PDF&gt;<\/a><\/h4>\n\n\t\t<\/div>\n\t<\/div>\n<\/div><\/div><\/div><div class=\"wpb_column vc_column_container vc_col-sm-1\/5\"><div class=\"vc_column-inner\"><div class=\"wpb_wrapper\">\n\t<div  class=\"wpb_single_image wpb_content_element vc_align_center\">\n\t\t\n\t\t<figure class=\"wpb_wrapper vc_figure\">\n\t\t\t<div class=\"vc_single_image-wrapper   vc_box_border_grey\"><img loading=\"lazy\" decoding=\"async\" width=\"233\" height=\"275\" src=\"https:\/\/decohill.com\/wp-content\/uploads\/2021\/02\/tuv-yemek-odasi.png\" class=\"vc_single_image-img attachment-full\" alt=\"\" title=\"tuv-yemek-odasi\" srcset=\"https:\/\/decohill.com\/wp-content\/uploads\/2021\/02\/tuv-yemek-odasi.png 233w, https:\/\/decohill.com\/wp-content\/uploads\/2021\/02\/tuv-yemek-odasi-10x12.png 10w\" sizes=\"auto, (max-width: 233px) 100vw, 233px\" \/><\/div>\n\t\t<\/figure>\n\t<\/div>\n\n\t<div class=\"wpb_text_column wpb_content_element\" >\n\t\t<div class=\"wpb_wrapper\">\n\t\t\t<h3 style=\"text-align: center;\">TUV DINING ROOMS<\/h3>\n<h4 style=\"text-align: center;\"><a href=\"https:\/\/decohill.com\/wp-content\/uploads\/2021\/02\/tu\u0308v_yemek_odasi.pdf\">Download PDF&gt;<\/a><\/h4>\n\n\t\t<\/div>\n\t<\/div>\n<\/div><\/div><\/div><\/div>\n<\/div>","protected":false},"excerpt":{"rendered":"BELGELER\u0130M\u0130Z GARANT\u0130 BELGES\u0130 PDF \u0130ndir &gt; ISO PDF \u0130ndir &gt; TSE PDF \u0130ndir &gt; T\u00dcV YATAK ODASI PDF \u0130ndir &gt;","protected":false},"author":1,"featured_media":0,"parent":0,"menu_order":0,"comment_status":"closed","ping_status":"closed","template":"","meta":{"footnotes":""},"class_list":["post-737","page","type-page","status-publish","hentry"],"yoast_head":"<!-- This site is optimized with the Yoast SEO plugin v20.10 - https:\/\/yoast.com\/wordpress\/plugins\/seo\/ -->\n<title>Belgelerimiz - Decohill<\/title>\n<meta name=\"robots\" content=\"index, follow, max-snippet:-1, max-image-preview:large, max-video-preview:-1\" \/>\n<link rel=\"canonical\" href=\"https:\/\/decohill.com\/en\/belgelerimiz\/\" \/>\n<meta property=\"og:locale\" content=\"en_GB\" \/>\n<meta property=\"og:type\" content=\"article\" \/>\n<meta property=\"og:title\" content=\"Belgelerimiz - Decohill\" \/>\n<meta property=\"og:url\" content=\"https:\/\/decohill.com\/en\/belgelerimiz\/\" \/>\n<meta property=\"og:site_name\" content=\"Decohill\" \/>\n<meta property=\"article:modified_time\" content=\"2021-08-25T12:12:09+00:00\" \/>\n<meta name=\"twitter:card\" content=\"summary_large_image\" \/>\n<meta name=\"twitter:label1\" content=\"Estimated reading time\" \/>\n\t<meta name=\"twitter:data1\" content=\"1 minute\" \/>\n<script type=\"application\/ld+json\" class=\"yoast-schema-graph\">{\"@context\":\"https:\/\/schema.org\",\"@graph\":[{\"@type\":\"WebPage\",\"@id\":\"https:\/\/decohill.com\/belgelerimiz\/\",\"url\":\"https:\/\/decohill.com\/belgelerimiz\/\",\"name\":\"Belgelerimiz - Decohill\",\"isPartOf\":{\"@id\":\"https:\/\/decohill.com\/#website\"},\"datePublished\":\"2021-02-15T14:11:50+00:00\",\"dateModified\":\"2021-08-25T12:12:09+00:00\",\"breadcrumb\":{\"@id\":\"https:\/\/decohill.com\/belgelerimiz\/#breadcrumb\"},\"inLanguage\":\"en-GB\",\"potentialAction\":[{\"@type\":\"ReadAction\",\"target\":[\"https:\/\/decohill.com\/belgelerimiz\/\"]}]},{\"@type\":\"BreadcrumbList\",\"@id\":\"https:\/\/decohill.com\/belgelerimiz\/#breadcrumb\",\"itemListElement\":[{\"@type\":\"ListItem\",\"position\":1,\"name\":\"Ana sayfa\",\"item\":\"https:\/\/decohill.com\/\"},{\"@type\":\"ListItem\",\"position\":2,\"name\":\"Belgelerimiz\"}]},{\"@type\":\"WebSite\",\"@id\":\"https:\/\/decohill.com\/#website\",\"url\":\"https:\/\/decohill.com\/\",\"name\":\"Decohill\",\"description\":\"#evinizbilir\",\"potentialAction\":[{\"@type\":\"SearchAction\",\"target\":{\"@type\":\"EntryPoint\",\"urlTemplate\":\"https:\/\/decohill.com\/?s={search_term_string}\"},\"query-input\":\"required name=search_term_string\"}],\"inLanguage\":\"en-GB\"}]}<\/script>\n<!-- \/ Yoast SEO plugin. -->","yoast_head_json":{"title":"Belgelerimiz - Decohill","robots":{"index":"index","follow":"follow","max-snippet":"max-snippet:-1","max-image-preview":"max-image-preview:large","max-video-preview":"max-video-preview:-1"},"canonical":"https:\/\/decohill.com\/en\/belgelerimiz\/","og_locale":"en_GB","og_type":"article","og_title":"Belgelerimiz - Decohill","og_url":"https:\/\/decohill.com\/en\/belgelerimiz\/","og_site_name":"Decohill","article_modified_time":"2021-08-25T12:12:09+00:00","twitter_card":"summary_large_image","twitter_misc":{"Estimated reading time":"1 minute"},"schema":{"@context":"https:\/\/schema.org","@graph":[{"@type":"WebPage","@id":"https:\/\/decohill.com\/belgelerimiz\/","url":"https:\/\/decohill.com\/belgelerimiz\/","name":"Belgelerimiz - Decohill","isPartOf":{"@id":"https:\/\/decohill.com\/#website"},"datePublished":"2021-02-15T14:11:50+00:00","dateModified":"2021-08-25T12:12:09+00:00","breadcrumb":{"@id":"https:\/\/decohill.com\/belgelerimiz\/#breadcrumb"},"inLanguage":"en-GB","potentialAction":[{"@type":"ReadAction","target":["https:\/\/decohill.com\/belgelerimiz\/"]}]},{"@type":"BreadcrumbList","@id":"https:\/\/decohill.com\/belgelerimiz\/#breadcrumb","itemListElement":[{"@type":"ListItem","position":1,"name":"Ana sayfa","item":"https:\/\/decohill.com\/"},{"@type":"ListItem","position":2,"name":"Belgelerimiz"}]},{"@type":"WebSite","@id":"https:\/\/decohill.com\/#website","url":"https:\/\/decohill.com\/","name":"Decohill","description":"#evinizbilir","potentialAction":[{"@type":"SearchAction","target":{"@type":"EntryPoint","urlTemplate":"https:\/\/decohill.com\/?s={search_term_string}"},"query-input":"required name=search_term_string"}],"inLanguage":"en-GB"}]}},"_links":{"self":[{"href":"https:\/\/decohill.com\/en\/wp-json\/wp\/v2\/pages\/737","targetHints":{"allow":["GET"]}}],"collection":[{"href":"https:\/\/decohill.com\/en\/wp-json\/wp\/v2\/pages"}],"about":[{"href":"https:\/\/decohill.com\/en\/wp-json\/wp\/v2\/types\/page"}],"author":[{"embeddable":true,"href":"https:\/\/decohill.com\/en\/wp-json\/wp\/v2\/users\/1"}],"replies":[{"embeddable":true,"href":"https:\/\/decohill.com\/en\/wp-json\/wp\/v2\/comments?post=737"}],"version-history":[{"count":9,"href":"https:\/\/decohill.com\/en\/wp-json\/wp\/v2\/pages\/737\/revisions"}],"predecessor-version":[{"id":1163,"href":"https:\/\/decohill.com\/en\/wp-json\/wp\/v2\/pages\/737\/revisions\/1163"}],"wp:attachment":[{"href":"https:\/\/decohill.com\/en\/wp-json\/wp\/v2\/media?parent=737"}],"curies":[{"name":"wp","href":"https:\/\/api.w.org\/{rel}","templated":true}]}}