{"id":35,"date":"2020-12-21T09:21:17","date_gmt":"2020-12-21T06:21:17","guid":{"rendered":"http:\/\/decohill.com\/?page_id=35"},"modified":"2022-10-25T18:48:31","modified_gmt":"2022-10-25T15:48:31","slug":"iletisim","status":"publish","type":"page","link":"https:\/\/decohill.com\/en\/iletisim\/","title":{"rendered":"Contact"},"content":{"rendered":"<div class=\"wpb-content-wrapper\"><div data-vc-full-width=\"true\" data-vc-full-width-init=\"false\" data-vc-stretch-content=\"true\" class=\"vc_row wpb_row vc_row-fluid basliklar vc_row-no-padding\"><div class=\"wpb_column vc_column_container vc_col-sm-12\"><div class=\"vc_column-inner\"><div class=\"wpb_wrapper\">\n\t<div class=\"wpb_raw_code wpb_raw_html wpb_content_element\" >\n\t\t<div class=\"wpb_wrapper\">\n\t\t\t<div class=\"baslikdiv\">\n<div class=\"solbaslik\">\n<h1>CON<\/h1>\n<\/div>\n<div class=\"sagbaslik\">\n<h1>TACT<\/h1>\n<\/div>\n<\/div>\n\t\t<\/div>\n\t<\/div>\n<\/div><\/div><\/div><\/div><div class=\"vc_row-full-width vc_clearfix\"><\/div><div id=\"row_iletisim\" class=\"vc_row wpb_row vc_row-fluid\"><div class=\"wpb_column vc_column_container vc_col-sm-2\"><div class=\"vc_column-inner\"><div class=\"wpb_wrapper\"><\/div><\/div><\/div><div class=\"wpb_column vc_column_container vc_col-sm-8\"><div class=\"vc_column-inner\"><div class=\"wpb_wrapper\"><div class=\"vc_row wpb_row vc_inner vc_row-fluid\"><div class=\"wpb_column vc_column_container vc_col-sm-8\"><div class=\"vc_column-inner\"><div class=\"wpb_wrapper\">\n\t<div class=\"wpb_text_column wpb_content_element\" >\n\t\t<div class=\"wpb_wrapper\">\n\t\t\t<h2>CONTACT FORM<\/h2>\n\n\t\t<\/div>\n\t<\/div>\n\n<div class=\"wpcf7 no-js\" id=\"wpcf7-f6-o1\" lang=\"tr-TR\" dir=\"ltr\">\n<div class=\"screen-reader-response\"><p role=\"status\" aria-live=\"polite\" aria-atomic=\"true\"><\/p> <ul><\/ul><\/div>\n<form action=\"\/en\/wp-json\/wp\/v2\/pages\/35#wpcf7-f6-o1\" method=\"post\" class=\"wpcf7-form init\" aria-label=\"Contact form\" novalidate=\"novalidate\" data-status=\"init\" data-trp-original-action=\"\/en\/wp-json\/wp\/v2\/pages\/35#wpcf7-f6-o1\">\n<div style=\"display: none;\">\n<input type=\"hidden\" name=\"_wpcf7\" value=\"6\" \/>\n<input type=\"hidden\" name=\"_wpcf7_version\" value=\"5.7.7\" \/>\n<input type=\"hidden\" name=\"_wpcf7_locale\" value=\"tr_TR\" \/>\n<input type=\"hidden\" name=\"_wpcf7_unit_tag\" value=\"wpcf7-f6-o1\" \/>\n<input type=\"hidden\" name=\"_wpcf7_container_post\" value=\"0\" \/>\n<input type=\"hidden\" name=\"_wpcf7_posted_data_hash\" value=\"\" \/>\n<\/div>\n<p><label class=\"columnform\"> <span class=\"wpcf7-form-control-wrap\" data-name=\"your-name\"><input size=\"40\" class=\"wpcf7-form-control wpcf7-text wpcf7-validates-as-required\" aria-required=\"true\" aria-invalid=\"false\" placeholder=\"Name\" value=\"\" type=\"text\" name=\"your-name\" \/><\/span> <span class=\"wpcf7-form-control-wrap\" data-name=\"your-email\"><input size=\"40\" class=\"wpcf7-form-control wpcf7-text wpcf7-email wpcf7-validates-as-required wpcf7-validates-as-email\" aria-required=\"true\" aria-invalid=\"false\" placeholder=\"E-mail\" value=\"\" type=\"email\" name=\"your-email\" \/><\/span> <\/label>\n<\/p>\n<p><label> <span class=\"wpcf7-form-control-wrap\" data-name=\"your-subject\"><input size=\"40\" class=\"wpcf7-form-control wpcf7-text wpcf7-validates-as-required\" aria-required=\"true\" aria-invalid=\"false\" placeholder=\"Subject\" value=\"\" type=\"text\" name=\"your-subject\" \/><\/span> <\/label>\n<\/p>\n<p><label> <span class=\"wpcf7-form-control-wrap\" data-name=\"your-message\"><textarea cols=\"40\" rows=\"10\" class=\"wpcf7-form-control wpcf7-textarea\" aria-invalid=\"false\" placeholder=\"Message\" name=\"your-message\"><\/textarea><\/span> <\/label>\n<\/p>\n<p><input class=\"wpcf7-form-control has-spinner wpcf7-submit\" type=\"submit\" value=\"SEND\" \/>\n<\/p><div class=\"wpcf7-response-output\" aria-hidden=\"true\"><\/div>\n<input type=\"hidden\" name=\"trp-form-language\" value=\"en\"\/><\/form>\n<\/div>\n<\/div><\/div><\/div><div class=\"wpb_column vc_column_container vc_col-sm-4\" id=\"column_adres\"><div class=\"vc_column-inner\"><div class=\"wpb_wrapper\">\t\t\t<div class=\"info-box-wrapper\">\n\t\t\t\t<div id=\"wd-635804f659a7b\" class=\"wd-rs-635804f659a7b wd-info-box woodmart-info-box wd-wpb text-left box-icon-align-left box-style- color-scheme- wd-bg-none box-title-default\"  >\n\t\t\t\t\t\t\t\t\t\t\t<div class=\"box-icon-wrapper  box-with-icon box-icon-simple\">\n\t\t\t\t\t\t\t<div class=\"info-box-icon\">\n\n\t\t\t\t\t\t\t\n\t\t\t\t\t\t\t\t\t\t\t\t\t\t\t\t\t<div class=\"info-svg-wrapper info-icon\" style=\"width: 128px;height: 128px;\"><svg xmlns=\"http:\/\/www.w3.org\/2000\/svg\" xmlns:xlink=\"http:\/\/www.w3.org\/1999\/xlink\" version=\"1.1\" id=\"svg-4128\" x=\"0px\" y=\"0px\" viewbox=\"0 0 512 512\" style=\"enable-background:new 0 0 512 512;\" xml:space=\"preserve\"> <g> <g> <path d=\"M341.476,338.285c54.483-85.493,47.634-74.827,49.204-77.056C410.516,233.251,421,200.322,421,166 C421,74.98,347.139,0,256,0C165.158,0,91,74.832,91,166c0,34.3,10.704,68.091,31.19,96.446l48.332,75.84 C118.847,346.227,31,369.892,31,422c0,18.995,12.398,46.065,71.462,67.159C143.704,503.888,198.231,512,256,512 c108.025,0,225-30.472,225-90C481,369.883,393.256,346.243,341.476,338.285z M147.249,245.945 c-0.165-0.258-0.337-0.51-0.517-0.758C129.685,221.735,121,193.941,121,166c0-75.018,60.406-136,135-136 c74.439,0,135,61.009,135,136c0,27.986-8.521,54.837-24.646,77.671c-1.445,1.906,6.094-9.806-110.354,172.918L147.249,245.945z M256,482c-117.994,0-195-34.683-195-60c0-17.016,39.568-44.995,127.248-55.901l55.102,86.463 c2.754,4.322,7.524,6.938,12.649,6.938s9.896-2.617,12.649-6.938l55.101-86.463C411.431,377.005,451,404.984,451,422 C451,447.102,374.687,482,256,482z\"><\/path> <\/g> <\/g> <g> <g> <path d=\"M256,91c-41.355,0-75,33.645-75,75s33.645,75,75,75c41.355,0,75-33.645,75-75S297.355,91,256,91z M256,211 c-24.813,0-45-20.187-45-45s20.187-45,45-45s45,20.187,45,45S280.813,211,256,211z\"><\/path> <\/g> <\/g> <g> <\/g> <g> <\/g> <g> <\/g> <g> <\/g> <g> <\/g> <g> <\/g> <g> <\/g> <g> <\/g> <g> <\/g> <g> <\/g> <g> <\/g> <g> <\/g> <g> <\/g> <g> <\/g> <g> <\/g> <\/svg> <\/div>\t\t\t\t\t\t\t\t\t\t\t\t\t\t\t\n\t\t\t\t\t\t\t<\/div>\n\t\t\t\t\t\t<\/div>\n\t\t\t\t\t\t\t\t\t\t<div class=\"info-box-content\">\n\t\t\t\t\t\t\t\t\t\t\t\t<div class=\"info-box-inner set-cont-mb-s reset-last-child\">\n\t\t\t\t\t\t\t<p><a href=\"https:\/\/g.page\/Decohillinegol?share\">Hamzabey OSB Mh. 1.Cd No 55\/1 \u0130neg\u00f6l \/ Bursa \/ T\u00dcRK\u0130YE<\/a><\/p>\n\t\t\t\t\t\t<\/div>\n\n\t\t\t\t\t\t\t\t\t\t\t<\/div>\n\n\t\t\t\t\t\t\t\t\t<\/div>\n\t\t\t<\/div>\n\t\t\t\t\t<div class=\"info-box-wrapper\">\n\t\t\t\t<div id=\"wd-6011815a1df1b\" class=\"wd-rs-6011815a1df1b wd-info-box woodmart-info-box wd-wpb text-left box-icon-align-left box-style- color-scheme- wd-bg-none iletisim-tr box-title-default\"  >\n\t\t\t\t\t\t\t\t\t\t\t<div class=\"box-icon-wrapper  box-with-icon box-icon-simple\">\n\t\t\t\t\t\t\t<div class=\"info-box-icon\">\n\n\t\t\t\t\t\t\t\n\t\t\t\t\t\t\t\t\t\t\t\t\t\t\t\t\t<div class=\"info-svg-wrapper info-icon\" style=\"width: 128px;height: 128px;\"><svg xmlns=\"http:\/\/www.w3.org\/2000\/svg\" xmlns:xlink=\"http:\/\/www.w3.org\/1999\/xlink\" version=\"1.1\" id=\"svg-1656\" x=\"0px\" y=\"0px\" viewbox=\"0 0 511.999 511.999\" style=\"enable-background:new 0 0 511.999 511.999;\" xml:space=\"preserve\"> <g> <g> <path d=\"M498.827,377.633l-63.649-63.649c-17.548-17.547-46.102-17.547-63.649,0l-28.931,28.931 c-13.294,13.294-34.926,13.29-48.215,0.005l-125.4-125.507c-13.325-13.325-13.327-34.892,0-48.219 c4.66-4.66,18.041-18.041,28.931-28.931c17.471-17.47,17.715-45.935-0.017-63.665l-63.632-63.432 C116.717-4.381,88.164-4.381,70.663,13.12C57.567,26.102,53.343,30.29,47.471,36.111c-63.28,63.279-63.28,166.242-0.003,229.519 l198.692,198.796c63.428,63.429,166.088,63.434,229.521,0l23.146-23.145C516.375,423.733,516.375,395.181,498.827,377.633z M91.833,34.382c5.849-5.849,15.365-5.85,21.233,0.016l63.632,63.432c5.863,5.863,5.863,15.352,0,21.216l-10.609,10.608 l-84.81-84.81L91.833,34.382z M267.38,443.213L68.687,244.415c-48.958-48.958-51.649-125.833-8.276-178.006l84.564,84.564 c-22.22,25.189-21.294,63.572,2.787,87.653l125.396,125.501c0.001,0.001,0.003,0.003,0.004,0.004 c24.055,24.056,62.436,25.042,87.656,2.792l84.566,84.566C393.377,494.787,316.675,492.508,267.38,443.213z M477.612,420.065 l-10.609,10.609l-84.865-84.866l10.607-10.608c5.85-5.849,15.367-5.85,21.217,0l63.649,63.649 C483.461,404.699,483.461,414.217,477.612,420.065z\"><\/path> <\/g> <\/g> <g> <\/g> <g> <\/g> <g> <\/g> <g> <\/g> <g> <\/g> <g> <\/g> <g> <\/g> <g> <\/g> <g> <\/g> <g> <\/g> <g> <\/g> <g> <\/g> <g> <\/g> <g> <\/g> <g> <\/g> <\/svg> <\/div>\t\t\t\t\t\t\t\t\t\t\t\t\t\t\t\n\t\t\t\t\t\t\t<\/div>\n\t\t\t\t\t\t<\/div>\n\t\t\t\t\t\t\t\t\t\t<div class=\"info-box-content\">\n\t\t\t\t\t\t\t\t\t\t\t\t<div class=\"info-box-inner set-cont-mb-s reset-last-child\">\n\t\t\t\t\t\t\t<p><a href=\"tel: 902247185218\" target=\"_blank\" rel=\"noopener\">+90 224 718 52 18<\/a><\/p>\n\t\t\t\t\t\t<\/div>\n\n\t\t\t\t\t\t\t\t\t\t\t<\/div>\n\n\t\t\t\t\t\t\t\t\t<\/div>\n\t\t\t<\/div>\n\t\t\t\t\t<div class=\"info-box-wrapper\">\n\t\t\t\t<div id=\"wd-6011812db126b\" class=\"wd-rs-6011812db126b wd-info-box woodmart-info-box wd-wpb text-left box-icon-align-left box-style- color-scheme- wd-bg-none iletisim-en box-title-default\"  >\n\t\t\t\t\t\t\t\t\t\t\t<div class=\"box-icon-wrapper  box-with-icon box-icon-simple\">\n\t\t\t\t\t\t\t<div class=\"info-box-icon\">\n\n\t\t\t\t\t\t\t\n\t\t\t\t\t\t\t\t\t\t\t\t\t\t\t\t\t<div class=\"info-svg-wrapper info-icon\" style=\"width: 128px;height: 128px;\"><svg xmlns=\"http:\/\/www.w3.org\/2000\/svg\" xmlns:xlink=\"http:\/\/www.w3.org\/1999\/xlink\" version=\"1.1\" id=\"svg-3487\" x=\"0px\" y=\"0px\" viewbox=\"0 0 511.999 511.999\" style=\"enable-background:new 0 0 511.999 511.999;\" xml:space=\"preserve\"> <g> <g> <path d=\"M498.827,377.633l-63.649-63.649c-17.548-17.547-46.102-17.547-63.649,0l-28.931,28.931 c-13.294,13.294-34.926,13.29-48.215,0.005l-125.4-125.507c-13.325-13.325-13.327-34.892,0-48.219 c4.66-4.66,18.041-18.041,28.931-28.931c17.471-17.47,17.715-45.935-0.017-63.665l-63.632-63.432 C116.717-4.381,88.164-4.381,70.663,13.12C57.567,26.102,53.343,30.29,47.471,36.111c-63.28,63.279-63.28,166.242-0.003,229.519 l198.692,198.796c63.428,63.429,166.088,63.434,229.521,0l23.146-23.145C516.375,423.733,516.375,395.181,498.827,377.633z M91.833,34.382c5.849-5.849,15.365-5.85,21.233,0.016l63.632,63.432c5.863,5.863,5.863,15.352,0,21.216l-10.609,10.608 l-84.81-84.81L91.833,34.382z M267.38,443.213L68.687,244.415c-48.958-48.958-51.649-125.833-8.276-178.006l84.564,84.564 c-22.22,25.189-21.294,63.572,2.787,87.653l125.396,125.501c0.001,0.001,0.003,0.003,0.004,0.004 c24.055,24.056,62.436,25.042,87.656,2.792l84.566,84.566C393.377,494.787,316.675,492.508,267.38,443.213z M477.612,420.065 l-10.609,10.609l-84.865-84.866l10.607-10.608c5.85-5.849,15.367-5.85,21.217,0l63.649,63.649 C483.461,404.699,483.461,414.217,477.612,420.065z\"><\/path> <\/g> <\/g> <g> <\/g> <g> <\/g> <g> <\/g> <g> <\/g> <g> <\/g> <g> <\/g> <g> <\/g> <g> <\/g> <g> <\/g> <g> <\/g> <g> <\/g> <g> <\/g> <g> <\/g> <g> <\/g> <g> <\/g> <\/svg> <\/div>\t\t\t\t\t\t\t\t\t\t\t\t\t\t\t\n\t\t\t\t\t\t\t<\/div>\n\t\t\t\t\t\t<\/div>\n\t\t\t\t\t\t\t\t\t\t<div class=\"info-box-content\">\n\t\t\t\t\t\t\t\t\t\t\t\t<div class=\"info-box-inner set-cont-mb-s reset-last-child\">\n\t\t\t\t\t\t\t<p><a href=\"tel: 905316814643\" target=\"_blank\" rel=\"noopener\">+90 531 681 46 43<\/a><\/p>\n\t\t\t\t\t\t<\/div>\n\n\t\t\t\t\t\t\t\t\t\t\t<\/div>\n\n\t\t\t\t\t\t\t\t\t<\/div>\n\t\t\t<\/div>\n\t\t\t\t\t<div class=\"info-box-wrapper\">\n\t\t\t\t<div id=\"wd-600a73459f6bc\" class=\"wd-rs-600a73459f6bc wd-info-box woodmart-info-box wd-wpb text-left box-icon-align-left box-style- color-scheme- wd-bg-none mailmargin iletisim-tr box-title-default\"  >\n\t\t\t\t\t\t\t\t\t\t\t<div class=\"box-icon-wrapper  box-with-icon box-icon-simple\">\n\t\t\t\t\t\t\t<div class=\"info-box-icon\">\n\n\t\t\t\t\t\t\t\n\t\t\t\t\t\t\t\t\t\t\t\t\t\t\t\t\t<div class=\"info-svg-wrapper info-icon\" style=\"width: 128px;height: 128px;\"><svg xmlns=\"http:\/\/www.w3.org\/2000\/svg\" xmlns:xlink=\"http:\/\/www.w3.org\/1999\/xlink\" version=\"1.1\" id=\"svg-4411\" x=\"0px\" y=\"0px\" viewbox=\"0 0 512 512\" style=\"enable-background:new 0 0 512 512;\" xml:space=\"preserve\"> <g> <g> <path d=\"M467,61H45C20.218,61,0,81.196,0,106v300c0,24.72,20.128,45,45,45h422c24.72,0,45-20.128,45-45V106 C512,81.28,491.872,61,467,61z M460.786,91L256.954,294.833L51.359,91H460.786z M30,399.788V112.069l144.479,143.24L30,399.788z M51.213,421l144.57-144.57l50.657,50.222c5.864,5.814,15.327,5.795,21.167-0.046L317,277.213L460.787,421H51.213z M482,399.787 L338.213,256L482,112.212V399.787z\"><\/path> <\/g> <\/g> <g> <\/g> <g> <\/g> <g> <\/g> <g> <\/g> <g> <\/g> <g> <\/g> <g> <\/g> <g> <\/g> <g> <\/g> <g> <\/g> <g> <\/g> <g> <\/g> <g> <\/g> <g> <\/g> <g> <\/g> <\/svg> <\/div>\t\t\t\t\t\t\t\t\t\t\t\t\t\t\t\n\t\t\t\t\t\t\t<\/div>\n\t\t\t\t\t\t<\/div>\n\t\t\t\t\t\t\t\t\t\t<div class=\"info-box-content\">\n\t\t\t\t\t\t\t\t\t\t\t\t<div class=\"info-box-inner set-cont-mb-s reset-last-child\">\n\t\t\t\t\t\t\t<p><a href=\"mailto:siparis@decohill.com.tr\" target=\"_blank\" rel=\"noopener\">siparis@decohill.com.tr<\/a><\/p>\n\t\t\t\t\t\t<\/div>\n\n\t\t\t\t\t\t\t\t\t\t\t<\/div>\n\n\t\t\t\t\t\t\t\t\t<\/div>\n\t\t\t<\/div>\n\t\t\t\t\t<div class=\"info-box-wrapper\">\n\t\t\t\t<div id=\"wd-600a731978964\" class=\"wd-rs-600a731978964 wd-info-box woodmart-info-box wd-wpb text-left box-icon-align-left box-style- color-scheme- wd-bg-none mailmargin iletisim-en box-title-default\"  >\n\t\t\t\t\t\t\t\t\t\t\t<div class=\"box-icon-wrapper  box-with-icon box-icon-simple\">\n\t\t\t\t\t\t\t<div class=\"info-box-icon\">\n\n\t\t\t\t\t\t\t\n\t\t\t\t\t\t\t\t\t\t\t\t\t\t\t\t\t<div class=\"info-svg-wrapper info-icon\" style=\"width: 128px;height: 128px;\"><svg xmlns=\"http:\/\/www.w3.org\/2000\/svg\" xmlns:xlink=\"http:\/\/www.w3.org\/1999\/xlink\" version=\"1.1\" id=\"svg-1732\" x=\"0px\" y=\"0px\" viewbox=\"0 0 512 512\" style=\"enable-background:new 0 0 512 512;\" xml:space=\"preserve\"> <g> <g> <path d=\"M467,61H45C20.218,61,0,81.196,0,106v300c0,24.72,20.128,45,45,45h422c24.72,0,45-20.128,45-45V106 C512,81.28,491.872,61,467,61z M460.786,91L256.954,294.833L51.359,91H460.786z M30,399.788V112.069l144.479,143.24L30,399.788z M51.213,421l144.57-144.57l50.657,50.222c5.864,5.814,15.327,5.795,21.167-0.046L317,277.213L460.787,421H51.213z M482,399.787 L338.213,256L482,112.212V399.787z\"><\/path> <\/g> <\/g> <g> <\/g> <g> <\/g> <g> <\/g> <g> <\/g> <g> <\/g> <g> <\/g> <g> <\/g> <g> <\/g> <g> <\/g> <g> <\/g> <g> <\/g> <g> <\/g> <g> <\/g> <g> <\/g> <g> <\/g> <\/svg> <\/div>\t\t\t\t\t\t\t\t\t\t\t\t\t\t\t\n\t\t\t\t\t\t\t<\/div>\n\t\t\t\t\t\t<\/div>\n\t\t\t\t\t\t\t\t\t\t<div class=\"info-box-content\">\n\t\t\t\t\t\t\t\t\t\t\t\t<div class=\"info-box-inner set-cont-mb-s reset-last-child\">\n\t\t\t\t\t\t\t<p><a href=\"mailto:export@decohill.com.tr\" target=\"_blank\" rel=\"noopener\">export@decohill.com.tr<\/a><\/p>\n\t\t\t\t\t\t<\/div>\n\n\t\t\t\t\t\t\t\t\t\t\t<\/div>\n\n\t\t\t\t\t\t\t\t\t<\/div>\n\t\t\t<\/div>\n\t\t<\/div><\/div><\/div><\/div><div id=\"row_harita\" class=\"vc_row wpb_row vc_inner vc_row-fluid\"><div class=\"wpb_column vc_column_container vc_col-sm-12\"><div class=\"vc_column-inner\"><div class=\"wpb_wrapper\"><div class=\"wpb_gmaps_widget wpb_content_element\"><div class=\"wpb_wrapper\"><div class=\"wpb_map_wraper\"><iframe loading=\"lazy\" src=\"https:\/\/www.google.com\/maps\/embed?pb=!1m14!1m8!1m3!1d12213.080538215041!2d29.5270402!3d40.0693861!3m2!1i1024!2i768!4f13.1!3m3!1m2!1s0x0%3A0xb830d2c7dea3b01d!2sDecohill%20Mobilya!5e0!3m2!1str!2str!4v1610191190784!5m2!1str!2str\" width=\"100%\" height=\"400\" frameborder=\"0\" style=\"border:0;\" allowfullscreen=\"\" aria-hidden=\"false\" tabindex=\"0\"><\/iframe><\/div><\/div><\/div><\/div><\/div><\/div><\/div><\/div><\/div><\/div><div class=\"wpb_column vc_column_container vc_col-sm-2\"><div class=\"vc_column-inner\"><div class=\"wpb_wrapper\"><\/div><\/div><\/div><\/div>\n<\/div>","protected":false},"excerpt":{"rendered":"\u0130LET \u0130\u015e\u0130M \u0130LET\u0130\u015e\u0130M FORMU Hamzabey OSB Mh. 1.Cd No 55\/1 \u0130neg\u00f6l \/ Bursa \/ T\u00dcRK\u0130YE +90 224 718 52 18","protected":false},"author":1,"featured_media":0,"parent":0,"menu_order":0,"comment_status":"closed","ping_status":"closed","template":"","meta":{"footnotes":""},"class_list":["post-35","page","type-page","status-publish","hentry"],"yoast_head":"<!-- This site is optimized with the Yoast SEO plugin v20.10 - https:\/\/yoast.com\/wordpress\/plugins\/seo\/ -->\n<title>\u0130leti\u015fim - Decohill<\/title>\n<meta name=\"robots\" content=\"index, follow, max-snippet:-1, max-image-preview:large, max-video-preview:-1\" \/>\n<link rel=\"canonical\" href=\"https:\/\/decohill.com\/en\/iletisim\/\" \/>\n<meta property=\"og:locale\" content=\"en_GB\" \/>\n<meta property=\"og:type\" content=\"article\" \/>\n<meta property=\"og:title\" content=\"\u0130leti\u015fim - Decohill\" \/>\n<meta property=\"og:url\" content=\"https:\/\/decohill.com\/en\/iletisim\/\" \/>\n<meta property=\"og:site_name\" content=\"Decohill\" \/>\n<meta property=\"article:modified_time\" content=\"2022-10-25T15:48:31+00:00\" \/>\n<meta name=\"twitter:card\" content=\"summary_large_image\" \/>\n<meta name=\"twitter:label1\" content=\"Estimated reading time\" \/>\n\t<meta name=\"twitter:data1\" content=\"1 minute\" \/>\n<script type=\"application\/ld+json\" class=\"yoast-schema-graph\">{\"@context\":\"https:\/\/schema.org\",\"@graph\":[{\"@type\":\"WebPage\",\"@id\":\"https:\/\/decohill.com\/iletisim\/\",\"url\":\"https:\/\/decohill.com\/iletisim\/\",\"name\":\"\u0130leti\u015fim - Decohill\",\"isPartOf\":{\"@id\":\"https:\/\/decohill.com\/#website\"},\"datePublished\":\"2020-12-21T06:21:17+00:00\",\"dateModified\":\"2022-10-25T15:48:31+00:00\",\"breadcrumb\":{\"@id\":\"https:\/\/decohill.com\/iletisim\/#breadcrumb\"},\"inLanguage\":\"en-GB\",\"potentialAction\":[{\"@type\":\"ReadAction\",\"target\":[\"https:\/\/decohill.com\/iletisim\/\"]}]},{\"@type\":\"BreadcrumbList\",\"@id\":\"https:\/\/decohill.com\/iletisim\/#breadcrumb\",\"itemListElement\":[{\"@type\":\"ListItem\",\"position\":1,\"name\":\"Ana sayfa\",\"item\":\"https:\/\/decohill.com\/\"},{\"@type\":\"ListItem\",\"position\":2,\"name\":\"\u0130leti\u015fim\"}]},{\"@type\":\"WebSite\",\"@id\":\"https:\/\/decohill.com\/#website\",\"url\":\"https:\/\/decohill.com\/\",\"name\":\"Decohill\",\"description\":\"#evinizbilir\",\"potentialAction\":[{\"@type\":\"SearchAction\",\"target\":{\"@type\":\"EntryPoint\",\"urlTemplate\":\"https:\/\/decohill.com\/?s={search_term_string}\"},\"query-input\":\"required name=search_term_string\"}],\"inLanguage\":\"en-GB\"}]}<\/script>\n<!-- \/ Yoast SEO plugin. -->","yoast_head_json":{"title":"\u0130leti\u015fim - Decohill","robots":{"index":"index","follow":"follow","max-snippet":"max-snippet:-1","max-image-preview":"max-image-preview:large","max-video-preview":"max-video-preview:-1"},"canonical":"https:\/\/decohill.com\/en\/iletisim\/","og_locale":"en_GB","og_type":"article","og_title":"\u0130leti\u015fim - Decohill","og_url":"https:\/\/decohill.com\/en\/iletisim\/","og_site_name":"Decohill","article_modified_time":"2022-10-25T15:48:31+00:00","twitter_card":"summary_large_image","twitter_misc":{"Estimated reading time":"1 minute"},"schema":{"@context":"https:\/\/schema.org","@graph":[{"@type":"WebPage","@id":"https:\/\/decohill.com\/iletisim\/","url":"https:\/\/decohill.com\/iletisim\/","name":"\u0130leti\u015fim - Decohill","isPartOf":{"@id":"https:\/\/decohill.com\/#website"},"datePublished":"2020-12-21T06:21:17+00:00","dateModified":"2022-10-25T15:48:31+00:00","breadcrumb":{"@id":"https:\/\/decohill.com\/iletisim\/#breadcrumb"},"inLanguage":"en-GB","potentialAction":[{"@type":"ReadAction","target":["https:\/\/decohill.com\/iletisim\/"]}]},{"@type":"BreadcrumbList","@id":"https:\/\/decohill.com\/iletisim\/#breadcrumb","itemListElement":[{"@type":"ListItem","position":1,"name":"Ana sayfa","item":"https:\/\/decohill.com\/"},{"@type":"ListItem","position":2,"name":"\u0130leti\u015fim"}]},{"@type":"WebSite","@id":"https:\/\/decohill.com\/#website","url":"https:\/\/decohill.com\/","name":"Decohill","description":"#evinizbilir","potentialAction":[{"@type":"SearchAction","target":{"@type":"EntryPoint","urlTemplate":"https:\/\/decohill.com\/?s={search_term_string}"},"query-input":"required name=search_term_string"}],"inLanguage":"en-GB"}]}},"_links":{"self":[{"href":"https:\/\/decohill.com\/en\/wp-json\/wp\/v2\/pages\/35","targetHints":{"allow":["GET"]}}],"collection":[{"href":"https:\/\/decohill.com\/en\/wp-json\/wp\/v2\/pages"}],"about":[{"href":"https:\/\/decohill.com\/en\/wp-json\/wp\/v2\/types\/page"}],"author":[{"embeddable":true,"href":"https:\/\/decohill.com\/en\/wp-json\/wp\/v2\/users\/1"}],"replies":[{"embeddable":true,"href":"https:\/\/decohill.com\/en\/wp-json\/wp\/v2\/comments?post=35"}],"version-history":[{"count":16,"href":"https:\/\/decohill.com\/en\/wp-json\/wp\/v2\/pages\/35\/revisions"}],"predecessor-version":[{"id":232,"href":"https:\/\/decohill.com\/en\/wp-json\/wp\/v2\/pages\/35\/revisions\/232"}],"wp:attachment":[{"href":"https:\/\/decohill.com\/en\/wp-json\/wp\/v2\/media?parent=35"}],"curies":[{"name":"wp","href":"https:\/\/api.w.org\/{rel}","templated":true}]}}