{"id":33,"date":"2020-12-21T09:19:45","date_gmt":"2020-12-21T06:19:45","guid":{"rendered":"http:\/\/decohill.com\/?page_id=33"},"modified":"2021-09-18T09:18:07","modified_gmt":"2021-09-18T06:18:07","slug":"hakkimizda","status":"publish","type":"page","link":"https:\/\/decohill.com\/en\/hakkimizda\/","title":{"rendered":"About Us"},"content":{"rendered":"<div class=\"wpb-content-wrapper\"><div data-vc-full-width=\"true\" data-vc-full-width-init=\"false\" data-vc-stretch-content=\"true\" class=\"vc_row wpb_row vc_row-fluid basliklar vc_row-no-padding\"><div class=\"wpb_column vc_column_container vc_col-sm-12\"><div class=\"vc_column-inner\"><div class=\"wpb_wrapper\">\n\t<div class=\"wpb_raw_code wpb_raw_html wpb_content_element\" >\n\t\t<div class=\"wpb_wrapper\">\n\t\t\t<div class=\"baslikdiv\">\n<div class=\"solbaslik\">\n<h1>ABOUT<\/h1>\n<\/div>\n<div class=\"sagbaslik\">\n<h1>US<\/h1>\n<\/div>\n<\/div>\n\t\t<\/div>\n\t<\/div>\n<\/div><\/div><\/div><\/div><div class=\"vc_row-full-width vc_clearfix\"><\/div><div class=\"vc_row wpb_row vc_row-fluid hakkimizdayazilar\"><div class=\"wpb_column vc_column_container vc_col-sm-12\"><div class=\"vc_column-inner\"><div class=\"wpb_wrapper\"><div class=\"vc_row wpb_row vc_inner vc_row-fluid\"><div class=\"wpb_column vc_column_container vc_col-sm-2\"><div class=\"vc_column-inner\"><div class=\"wpb_wrapper\"><\/div><\/div><\/div><div class=\"wpb_column vc_column_container vc_col-sm-8\"><div class=\"vc_column-inner\"><div class=\"wpb_wrapper\">\n\t<div class=\"wpb_text_column wpb_content_element wpb_animate_when_almost_visible wpb_fadeInUp fadeInUp\" >\n\t\t<div class=\"wpb_wrapper\">\n\t\t\t<h2 style=\"text-align: center;\">STORY OF OUR BRAND<\/h2>\n<p>Sometimes things change in a moment of courage. Decohill is also such a story of courage. The story began during a lunch break; two friends who had started their careers early; asked themselves \u201cWhy not?\u201d, and this question turned into a success story. Believing that they should use their experience and abilities on their own brands, these two close friends took the first step of the journey of the Decohill brand, which has been going on for more than 10 years, by getting up as the boss from that table where they were sitting as employees. With its determination, courage and responsible business approach, Decohill has provided a technological process management to bring aesthetics and comfort to all areas of life, and transformed this process into a perfect form with its R&amp;D studies.<\/p>\n\n\t\t<\/div>\n\t<\/div>\n<\/div><\/div><\/div><div class=\"wpb_column vc_column_container vc_col-sm-2\"><div class=\"vc_column-inner\"><div class=\"wpb_wrapper\"><\/div><\/div><\/div><\/div><\/div><\/div><\/div><\/div><div data-vc-full-width=\"true\" data-vc-full-width-init=\"false\" data-vc-stretch-content=\"true\" class=\"vc_row wpb_row vc_row-fluid hakkimizdabannerlar vc_row-no-padding\"><div class=\"wpb_column vc_column_container vc_col-sm-12\"><div class=\"vc_column-inner\"><div class=\"wpb_wrapper\">\t\t<div class=\"promo-banner-wrapper  wd-rs-5ff9829c37755\">\n\t\t\t<div id=\"wd-5ff9829c37755\" class=\"promo-banner  banner- banner-hover-none color-scheme-light banner-btn-size-default banner-btn-style-default banner-vr-align-middle banner-hr-align-center  wd-underline-colored\"\t\t\t\t\t\t\t>\n\t\t\t\t<div class=\"main-wrapp-img\">\n\t\t\t\t\t<div class=\"banner-image wd-bg-position-center\" >\n\t\t\t\t\t\t<img loading=\"lazy\" decoding=\"async\" width=\"1920\" height=\"364\" src=\"https:\/\/decohill.com\/wp-content\/uploads\/2021\/01\/hakkimizda-1.jpg\" class=\"promo-banner-image attachment-full\" alt=\"\" title=\"hakkimizda-1\" srcset=\"https:\/\/decohill.com\/wp-content\/uploads\/2021\/01\/hakkimizda-1.jpg 1920w, https:\/\/decohill.com\/wp-content\/uploads\/2021\/01\/hakkimizda-1-1200x228.jpg 1200w, https:\/\/decohill.com\/wp-content\/uploads\/2021\/01\/hakkimizda-1-300x57.jpg 300w, https:\/\/decohill.com\/wp-content\/uploads\/2021\/01\/hakkimizda-1-1024x194.jpg 1024w, https:\/\/decohill.com\/wp-content\/uploads\/2021\/01\/hakkimizda-1-768x146.jpg 768w, https:\/\/decohill.com\/wp-content\/uploads\/2021\/01\/hakkimizda-1-1536x291.jpg 1536w\" sizes=\"auto, (max-width: 1920px) 100vw, 1920px\" \/>\t\t\t\t\t<\/div>\n\t\t\t\t<\/div>\n\n\t\t\t\t<div class=\"wrapper-content-banner wd-fill  wd-items-middle wd-justify-center\">\n\t\t\t\t\t<div class=\"content-banner text-center\">\n\t\t\t\t\t\t<div class=\"banner-title-wrap banner-title-default\">\n\t\t\t\t\t\t\t\t\t\t\t\t\t<\/div>\n\t\t\t\t\t\t\t\t\t\t\t\t\t\t\t\t\t<\/div>\n\t\t\t\t<\/div>\n\t\t\t\t\t\t\t<\/div>\n\t\t<\/div>\n\n\t\t<\/div><\/div><\/div><\/div><div class=\"vc_row-full-width vc_clearfix\"><\/div><div class=\"vc_row wpb_row vc_row-fluid hakkimizdayazilar\"><div class=\"wpb_column vc_column_container vc_col-sm-12\"><div class=\"vc_column-inner\"><div class=\"wpb_wrapper\"><div class=\"vc_row wpb_row vc_inner vc_row-fluid\"><div class=\"wpb_column vc_column_container vc_col-sm-2\"><div class=\"vc_column-inner\"><div class=\"wpb_wrapper\"><\/div><\/div><\/div><div class=\"wpb_column vc_column_container vc_col-sm-8\"><div class=\"vc_column-inner\"><div class=\"wpb_wrapper\">\n\t<div class=\"wpb_text_column wpb_content_element wpb_animate_when_almost_visible wpb_fadeInUp fadeInUp\" >\n\t\t<div class=\"wpb_wrapper\">\n\t\t\t<h2 style=\"text-align: center;\">ABOUT US<\/h2>\n<p>Continuing in its sector in 2010, Decohill; succeeded to make a name for itself with the touches it made to living spaces and gained a strong momentum in the market in the field of \"Panel Furniture\" with the satisfaction of its customers. This young brand that could also make spot - on predictions with the past experience of the Founder sector partners welcomes guests  in more than 60 regions of Turkey with its elegant bedrooms, dining rooms and wall units. At the same time, in countries such as Cyprus, Saudi Arabia, Libya, England, Germany, Belgium, Lebanon, Georgia, Dubai, it has undertaken the brand ambassador of  furniture of Turkey in different geographies with its quality and ethical trade understanding and has become a brand that produces added value. Decohill, which increases its production quality day by day with its R&amp;D and technological production processes, continues to work with all its strength to create living spaces where you can create happy and peaceful moments and memories with your loved ones.<\/p>\n\n\t\t<\/div>\n\t<\/div>\n<\/div><\/div><\/div><div class=\"wpb_column vc_column_container vc_col-sm-2\"><div class=\"vc_column-inner\"><div class=\"wpb_wrapper\"><\/div><\/div><\/div><\/div><\/div><\/div><\/div><\/div><div data-vc-full-width=\"true\" data-vc-full-width-init=\"false\" data-vc-stretch-content=\"true\" class=\"vc_row wpb_row vc_row-fluid hakkimizdabannerlar vc_row-no-padding\"><div class=\"wpb_column vc_column_container vc_col-sm-12\"><div class=\"vc_column-inner\"><div class=\"wpb_wrapper\">\t\t<div class=\"promo-banner-wrapper  wd-rs-5ff982a778845\">\n\t\t\t<div id=\"wd-5ff982a778845\" class=\"promo-banner  banner- banner-hover-none color-scheme-light banner-btn-size-default banner-btn-style-default banner-vr-align-middle banner-hr-align-center  wd-underline-colored\"\t\t\t\t\t\t\t>\n\t\t\t\t<div class=\"main-wrapp-img\">\n\t\t\t\t\t<div class=\"banner-image wd-bg-position-center\" >\n\t\t\t\t\t\t<img loading=\"lazy\" decoding=\"async\" width=\"1920\" height=\"364\" src=\"https:\/\/decohill.com\/wp-content\/uploads\/2021\/01\/hakkimizda-2.jpg\" class=\"promo-banner-image attachment-full\" alt=\"\" title=\"hakkimizda-2\" srcset=\"https:\/\/decohill.com\/wp-content\/uploads\/2021\/01\/hakkimizda-2.jpg 1920w, https:\/\/decohill.com\/wp-content\/uploads\/2021\/01\/hakkimizda-2-1200x228.jpg 1200w\" sizes=\"auto, (max-width: 1920px) 100vw, 1920px\" \/>\t\t\t\t\t<\/div>\n\t\t\t\t<\/div>\n\n\t\t\t\t<div class=\"wrapper-content-banner wd-fill  wd-items-middle wd-justify-center\">\n\t\t\t\t\t<div class=\"content-banner text-center\">\n\t\t\t\t\t\t<div class=\"banner-title-wrap banner-title-default\">\n\t\t\t\t\t\t\t\t\t\t\t\t\t<\/div>\n\t\t\t\t\t\t\t\t\t\t\t\t\t\t\t\t\t<\/div>\n\t\t\t\t<\/div>\n\t\t\t\t\t\t\t<\/div>\n\t\t<\/div>\n\n\t\t<\/div><\/div><\/div><\/div><div class=\"vc_row-full-width vc_clearfix\"><\/div><div class=\"vc_row wpb_row vc_row-fluid hakkimizdayazilar\"><div class=\"wpb_column vc_column_container vc_col-sm-12\"><div class=\"vc_column-inner\"><div class=\"wpb_wrapper\"><div class=\"vc_row wpb_row vc_inner vc_row-fluid\"><div class=\"wpb_column vc_column_container vc_col-sm-2\"><div class=\"vc_column-inner\"><div class=\"wpb_wrapper\"><\/div><\/div><\/div><div class=\"wpb_column vc_column_container vc_col-sm-8\"><div class=\"vc_column-inner\"><div class=\"wpb_wrapper\">\n\t<div class=\"wpb_text_column wpb_content_element wpb_animate_when_almost_visible wpb_fadeInUp fadeInUp\" >\n\t\t<div class=\"wpb_wrapper\">\n\t\t\t<h2 style=\"text-align: center;\">OUR VISION<\/h2>\n<p>As Decohill, we aim to be a brand that touches life from social responsibility to social benefit communication. Rather than being a brand that only produces panel furniture, we continue our way as a living, thinking, lively and energetic brand, while at the same time adopting an environmentally friendly production approach. While we process this whole process with meticulous professionalism, we also take 100% satisfaction as a basis in after-sales service.<\/p>\n<p><strong>We believe that creating livable homes will be possible in a more livable world and we act with the awareness of this responsibility.<\/strong><\/p>\n\n\t\t<\/div>\n\t<\/div>\n<\/div><\/div><\/div><div class=\"wpb_column vc_column_container vc_col-sm-2\"><div class=\"vc_column-inner\"><div class=\"wpb_wrapper\"><\/div><\/div><\/div><\/div><\/div><\/div><\/div><\/div><div class=\"vc_row wpb_row vc_row-fluid hakkimizdayazilar\"><div class=\"wpb_column vc_column_container vc_col-sm-12\"><div class=\"vc_column-inner\"><div class=\"wpb_wrapper\"><div class=\"vc_row wpb_row vc_inner vc_row-fluid\"><div class=\"wpb_column vc_column_container vc_col-sm-2\"><div class=\"vc_column-inner\"><div class=\"wpb_wrapper\"><\/div><\/div><\/div><div class=\"wpb_column vc_column_container vc_col-sm-8\"><div class=\"vc_column-inner\"><div class=\"wpb_wrapper\">\n\t<div class=\"wpb_text_column wpb_content_element wpb_animate_when_almost_visible wpb_fadeInUp fadeInUp\" >\n\t\t<div class=\"wpb_wrapper\">\n\t\t\t<h2 style=\"text-align: center;\">OUR MISSION<\/h2>\n<p>As Decohill, our aim is to bring each of our designs together with our guests through an irresponsible distribution process. To facilitate their lives, their habitats and stylish aesthetic that will make our functional products not only in Turkey but also all over the world in the after-sales service, we adopt a fast, reliable and professional process as our principle. In this journey that extends from the production process to the living spaces of our guests, we make ourselves companions of originality in design, technology and discipline in production, and satisfaction and trust-oriented approaches in our business understanding.<\/p>\n\n\t\t<\/div>\n\t<\/div>\n<\/div><\/div><\/div><div class=\"wpb_column vc_column_container vc_col-sm-2\"><div class=\"vc_column-inner\"><div class=\"wpb_wrapper\"><\/div><\/div><\/div><\/div><\/div><\/div><\/div><\/div>\n<\/div>","protected":false},"excerpt":{"rendered":"HAKKI MIZDA MARKA \u00d6YK\u00dcS\u00dc Bazen her \u015fey bir cesaret an\u0131nda de\u011fi\u015fir. Decohill de b\u00f6yle bir cesaret \u00f6yk\u00fcs\u00fc asl\u0131nda. Kariyerlerine erken","protected":false},"author":1,"featured_media":0,"parent":0,"menu_order":0,"comment_status":"closed","ping_status":"closed","template":"","meta":{"footnotes":""},"class_list":["post-33","page","type-page","status-publish","hentry"],"yoast_head":"<!-- This site is optimized with the Yoast SEO plugin v20.10 - https:\/\/yoast.com\/wordpress\/plugins\/seo\/ -->\n<title>Hakk\u0131m\u0131zda - Decohill<\/title>\n<meta name=\"robots\" content=\"index, follow, max-snippet:-1, max-image-preview:large, max-video-preview:-1\" \/>\n<link rel=\"canonical\" href=\"https:\/\/decohill.com\/en\/hakkimizda\/\" \/>\n<meta property=\"og:locale\" content=\"en_GB\" \/>\n<meta property=\"og:type\" content=\"article\" \/>\n<meta property=\"og:title\" content=\"Hakk\u0131m\u0131zda - Decohill\" \/>\n<meta property=\"og:url\" content=\"https:\/\/decohill.com\/en\/hakkimizda\/\" \/>\n<meta property=\"og:site_name\" content=\"Decohill\" \/>\n<meta property=\"article:modified_time\" content=\"2021-09-18T06:18:07+00:00\" \/>\n<meta name=\"twitter:card\" content=\"summary_large_image\" \/>\n<meta name=\"twitter:label1\" content=\"Estimated reading time\" \/>\n\t<meta name=\"twitter:data1\" content=\"3 minutes\" \/>\n<script type=\"application\/ld+json\" class=\"yoast-schema-graph\">{\"@context\":\"https:\/\/schema.org\",\"@graph\":[{\"@type\":\"WebPage\",\"@id\":\"https:\/\/decohill.com\/hakkimizda\/\",\"url\":\"https:\/\/decohill.com\/hakkimizda\/\",\"name\":\"Hakk\u0131m\u0131zda - Decohill\",\"isPartOf\":{\"@id\":\"https:\/\/decohill.com\/#website\"},\"datePublished\":\"2020-12-21T06:19:45+00:00\",\"dateModified\":\"2021-09-18T06:18:07+00:00\",\"breadcrumb\":{\"@id\":\"https:\/\/decohill.com\/hakkimizda\/#breadcrumb\"},\"inLanguage\":\"en-GB\",\"potentialAction\":[{\"@type\":\"ReadAction\",\"target\":[\"https:\/\/decohill.com\/hakkimizda\/\"]}]},{\"@type\":\"BreadcrumbList\",\"@id\":\"https:\/\/decohill.com\/hakkimizda\/#breadcrumb\",\"itemListElement\":[{\"@type\":\"ListItem\",\"position\":1,\"name\":\"Ana sayfa\",\"item\":\"https:\/\/decohill.com\/\"},{\"@type\":\"ListItem\",\"position\":2,\"name\":\"Hakk\u0131m\u0131zda\"}]},{\"@type\":\"WebSite\",\"@id\":\"https:\/\/decohill.com\/#website\",\"url\":\"https:\/\/decohill.com\/\",\"name\":\"Decohill\",\"description\":\"#evinizbilir\",\"potentialAction\":[{\"@type\":\"SearchAction\",\"target\":{\"@type\":\"EntryPoint\",\"urlTemplate\":\"https:\/\/decohill.com\/?s={search_term_string}\"},\"query-input\":\"required name=search_term_string\"}],\"inLanguage\":\"en-GB\"}]}<\/script>\n<!-- \/ Yoast SEO plugin. -->","yoast_head_json":{"title":"Hakk\u0131m\u0131zda - Decohill","robots":{"index":"index","follow":"follow","max-snippet":"max-snippet:-1","max-image-preview":"max-image-preview:large","max-video-preview":"max-video-preview:-1"},"canonical":"https:\/\/decohill.com\/en\/hakkimizda\/","og_locale":"en_GB","og_type":"article","og_title":"Hakk\u0131m\u0131zda - Decohill","og_url":"https:\/\/decohill.com\/en\/hakkimizda\/","og_site_name":"Decohill","article_modified_time":"2021-09-18T06:18:07+00:00","twitter_card":"summary_large_image","twitter_misc":{"Estimated reading time":"3 minutes"},"schema":{"@context":"https:\/\/schema.org","@graph":[{"@type":"WebPage","@id":"https:\/\/decohill.com\/hakkimizda\/","url":"https:\/\/decohill.com\/hakkimizda\/","name":"Hakk\u0131m\u0131zda - Decohill","isPartOf":{"@id":"https:\/\/decohill.com\/#website"},"datePublished":"2020-12-21T06:19:45+00:00","dateModified":"2021-09-18T06:18:07+00:00","breadcrumb":{"@id":"https:\/\/decohill.com\/hakkimizda\/#breadcrumb"},"inLanguage":"en-GB","potentialAction":[{"@type":"ReadAction","target":["https:\/\/decohill.com\/hakkimizda\/"]}]},{"@type":"BreadcrumbList","@id":"https:\/\/decohill.com\/hakkimizda\/#breadcrumb","itemListElement":[{"@type":"ListItem","position":1,"name":"Ana sayfa","item":"https:\/\/decohill.com\/"},{"@type":"ListItem","position":2,"name":"Hakk\u0131m\u0131zda"}]},{"@type":"WebSite","@id":"https:\/\/decohill.com\/#website","url":"https:\/\/decohill.com\/","name":"Decohill","description":"#evinizbilir","potentialAction":[{"@type":"SearchAction","target":{"@type":"EntryPoint","urlTemplate":"https:\/\/decohill.com\/?s={search_term_string}"},"query-input":"required name=search_term_string"}],"inLanguage":"en-GB"}]}},"_links":{"self":[{"href":"https:\/\/decohill.com\/en\/wp-json\/wp\/v2\/pages\/33","targetHints":{"allow":["GET"]}}],"collection":[{"href":"https:\/\/decohill.com\/en\/wp-json\/wp\/v2\/pages"}],"about":[{"href":"https:\/\/decohill.com\/en\/wp-json\/wp\/v2\/types\/page"}],"author":[{"embeddable":true,"href":"https:\/\/decohill.com\/en\/wp-json\/wp\/v2\/users\/1"}],"replies":[{"embeddable":true,"href":"https:\/\/decohill.com\/en\/wp-json\/wp\/v2\/comments?post=33"}],"version-history":[{"count":10,"href":"https:\/\/decohill.com\/en\/wp-json\/wp\/v2\/pages\/33\/revisions"}],"predecessor-version":[{"id":1201,"href":"https:\/\/decohill.com\/en\/wp-json\/wp\/v2\/pages\/33\/revisions\/1201"}],"wp:attachment":[{"href":"https:\/\/decohill.com\/en\/wp-json\/wp\/v2\/media?parent=33"}],"curies":[{"name":"wp","href":"https:\/\/api.w.org\/{rel}","templated":true}]}}